{"id":1591,"date":"2015-02-10T19:21:05","date_gmt":"2015-02-10T19:21:05","guid":{"rendered":"https:\/\/corporatemondevents.ro\/home\/"},"modified":"2023-10-17T10:55:31","modified_gmt":"2023-10-17T10:55:31","slug":"evenimente-corporate-cluj-mondevents","status":"publish","type":"page","link":"https:\/\/corporatemondevents.ro\/ro\/","title":{"rendered":"Evenimente corporate Cluj | MONDEVENTS"},"content":{"rendered":"<div class=\"fusion-fullwidth fullwidth-box fusion-builder-row-1 fade-in nonhundred-percent-fullwidth non-hundred-percent-height-scrolling\" style=\"background-color: rgba(255,255,255,0);background-position: center center;background-repeat: no-repeat;padding-top:0px;padding-right:0px;padding-bottom:0px;padding-left:0px;margin-bottom: 0px;margin-top: 0px;border-width: 0px 0px 0px 0px;border-color:#eae9e9;border-style:solid;\" ><div class=\"fusion-builder-row fusion-row\"><div class=\"fusion-layout-column fusion_builder_column fusion-builder-column-0 fusion_builder_column_1_1 1_1 fusion-one-full fusion-column-first fusion-column-last fade-in\" style=\"margin-top:0px;margin-bottom:20px;\"><div class=\"fusion-column-wrapper fusion-flex-column-wrapper-legacy\" style=\"background-position:left top;background-repeat:no-repeat;-webkit-background-size:cover;-moz-background-size:cover;-o-background-size:cover;background-size:cover;padding: 0px 0px 0px 0px;\"><div class=\"fusion-text fusion-text-1\"><h4 align=\"justify\"><span style=\"color: #ffffff;\"><span style=\"font-weight: 400;\">Timpul a devenit cea mai valoroas\u0103 resurs\u0103 a noastr\u0103. Nu avem niciodat\u0103 suficient timp pentru toate sarcinile de la munc\u0103, pentru a petrece timp cu familia, pentru hobby-uri sau prieteni. Dar ce po\u021bi face c\u00e2nd ai multe treburi de f\u0103cut \u0219i mai trebuie s\u0103 organizezi \u0219i evenimentul companiei? Cau\u0163i cea mai bun\u0103 echip\u0103 pentru a te ajuta s\u0103 organizezi evenimente memorabile, de care te vei putea bucura \u0219i tu.<\/span><\/span><\/h4>\n<h4 align=\"justify\"><span style=\"color: #ffffff;\"><span style=\"font-weight: 400;\">MONDEVENTS este partenerul preferat al companiilor din Cluj Napoca c\u00e2nd vine vorba de organizarea de evenimente corporate, fie c\u0103 vorbim de conferin\u0163e, seminarii \u0219i lans\u0103ri de produse, sau petreceri aniversare tematice, Summer Party sau Winter party.<\/span><\/span><\/h4>\n<h4 align=\"justify\"><span style=\"color: #ffffff;\"><span style=\"font-weight: 400;\">Povestea noastr\u0103 este despre parteneriate \u0219i beneficiile pe care acestea le aduc: \u00eencredere, certitudine \u0219i timp. \u00cencredere c\u0103 vom alege cele mai bune solu\u021bii \u0219i idei pentru evenimentul t\u0103u. Certitudine c\u0103 vom livra ceea ce am promis. Timp s\u0103 te bucuri de momente unice al\u0103turi de colegii, partenerii de afaceri sau clien\u021bii t\u0103i.<\/span><\/span><\/h4>\n<\/div><div class=\"fusion-clearfix\"><\/div><\/div><\/div><\/div><\/div>\n","protected":false},"excerpt":{"rendered":"","protected":false},"author":9,"featured_media":0,"parent":0,"menu_order":0,"comment_status":"closed","ping_status":"open","template":"100-width.php","meta":[],"yoast_head":"<!-- This site is optimized with the Yoast SEO plugin v17.0 - https:\/\/yoast.com\/wordpress\/plugins\/seo\/ -->\n<title>Evenimente pentru companii | MONDEVENTS | Petreceri, conferinte<\/title>\n<meta name=\"description\" content=\"Evenimente pentru companii in Cluj Napoca | Mondevents este specializata in evenimente corporate, de la petreceri aniversare la conferinte.\" \/>\n<meta name=\"robots\" content=\"index, follow, max-snippet:-1, max-image-preview:large, max-video-preview:-1\" \/>\n<link rel=\"canonical\" href=\"https:\/\/corporatemondevents.ro\/ro\/\" \/>\n<meta property=\"og:locale\" content=\"ro_RO\" \/>\n<meta property=\"og:type\" content=\"article\" \/>\n<meta property=\"og:title\" content=\"Evenimente pentru companii | MONDEVENTS | Petreceri, conferinte\" \/>\n<meta property=\"og:description\" content=\"Evenimente pentru companii in Cluj Napoca | Mondevents este specializata in evenimente corporate, de la petreceri aniversare la conferinte.\" \/>\n<meta property=\"og:url\" content=\"https:\/\/corporatemondevents.ro\/ro\/\" \/>\n<meta property=\"og:site_name\" content=\"Corporate Events - Mondevents\" \/>\n<meta property=\"article:modified_time\" content=\"2023-10-17T10:55:31+00:00\" \/>\n<meta name=\"twitter:card\" content=\"summary_large_image\" \/>\n<meta name=\"twitter:label1\" content=\"Timp estimat pentru citire\" \/>\n\t<meta name=\"twitter:data1\" content=\"2 minute\" \/>\n<script type=\"application\/ld+json\" class=\"yoast-schema-graph\">{\"@context\":\"https:\/\/schema.org\",\"@graph\":[{\"@type\":\"WebSite\",\"@id\":\"https:\/\/corporatemondevents.ro\/#website\",\"url\":\"https:\/\/corporatemondevents.ro\/\",\"name\":\"Corporate Events - Mondevents\",\"description\":\"We believe in transforming corporate events into experiences for people.\",\"potentialAction\":[{\"@type\":\"SearchAction\",\"target\":{\"@type\":\"EntryPoint\",\"urlTemplate\":\"https:\/\/corporatemondevents.ro\/?s={search_term_string}\"},\"query-input\":\"required name=search_term_string\"}],\"inLanguage\":\"ro-RO\"},{\"@type\":\"WebPage\",\"@id\":\"https:\/\/corporatemondevents.ro\/ro\/#webpage\",\"url\":\"https:\/\/corporatemondevents.ro\/ro\/\",\"name\":\"Evenimente pentru companii | MONDEVENTS | Petreceri, conferinte\",\"isPartOf\":{\"@id\":\"https:\/\/corporatemondevents.ro\/#website\"},\"datePublished\":\"2015-02-10T19:21:05+00:00\",\"dateModified\":\"2023-10-17T10:55:31+00:00\",\"description\":\"Evenimente pentru companii in Cluj Napoca | Mondevents este specializata in evenimente corporate, de la petreceri aniversare la conferinte.\",\"breadcrumb\":{\"@id\":\"https:\/\/corporatemondevents.ro\/ro\/#breadcrumb\"},\"inLanguage\":\"ro-RO\",\"potentialAction\":[{\"@type\":\"ReadAction\",\"target\":[\"https:\/\/corporatemondevents.ro\/ro\/\"]}]},{\"@type\":\"BreadcrumbList\",\"@id\":\"https:\/\/corporatemondevents.ro\/ro\/#breadcrumb\",\"itemListElement\":[{\"@type\":\"ListItem\",\"position\":1,\"name\":\"Home\",\"item\":\"https:\/\/corporatemondevents.ro\/ro\/\"},{\"@type\":\"ListItem\",\"position\":2,\"name\":\"Evenimente corporate Cluj | MONDEVENTS\"}]}]}<\/script>\n<!-- \/ Yoast SEO plugin. -->","yoast_head_json":{"title":"Evenimente pentru companii | MONDEVENTS | Petreceri, conferinte","description":"Evenimente pentru companii in Cluj Napoca | Mondevents este specializata in evenimente corporate, de la petreceri aniversare la conferinte.","robots":{"index":"index","follow":"follow","max-snippet":"max-snippet:-1","max-image-preview":"max-image-preview:large","max-video-preview":"max-video-preview:-1"},"canonical":"https:\/\/corporatemondevents.ro\/ro\/","og_locale":"ro_RO","og_type":"article","og_title":"Evenimente pentru companii | MONDEVENTS | Petreceri, conferinte","og_description":"Evenimente pentru companii in Cluj Napoca | Mondevents este specializata in evenimente corporate, de la petreceri aniversare la conferinte.","og_url":"https:\/\/corporatemondevents.ro\/ro\/","og_site_name":"Corporate Events - Mondevents","article_modified_time":"2023-10-17T10:55:31+00:00","twitter_card":"summary_large_image","twitter_misc":{"Timp estimat pentru citire":"2 minute"},"schema":{"@context":"https:\/\/schema.org","@graph":[{"@type":"WebSite","@id":"https:\/\/corporatemondevents.ro\/#website","url":"https:\/\/corporatemondevents.ro\/","name":"Corporate Events - Mondevents","description":"We believe in transforming corporate events into experiences for people.","potentialAction":[{"@type":"SearchAction","target":{"@type":"EntryPoint","urlTemplate":"https:\/\/corporatemondevents.ro\/?s={search_term_string}"},"query-input":"required name=search_term_string"}],"inLanguage":"ro-RO"},{"@type":"WebPage","@id":"https:\/\/corporatemondevents.ro\/ro\/#webpage","url":"https:\/\/corporatemondevents.ro\/ro\/","name":"Evenimente pentru companii | MONDEVENTS | Petreceri, conferinte","isPartOf":{"@id":"https:\/\/corporatemondevents.ro\/#website"},"datePublished":"2015-02-10T19:21:05+00:00","dateModified":"2023-10-17T10:55:31+00:00","description":"Evenimente pentru companii in Cluj Napoca | Mondevents este specializata in evenimente corporate, de la petreceri aniversare la conferinte.","breadcrumb":{"@id":"https:\/\/corporatemondevents.ro\/ro\/#breadcrumb"},"inLanguage":"ro-RO","potentialAction":[{"@type":"ReadAction","target":["https:\/\/corporatemondevents.ro\/ro\/"]}]},{"@type":"BreadcrumbList","@id":"https:\/\/corporatemondevents.ro\/ro\/#breadcrumb","itemListElement":[{"@type":"ListItem","position":1,"name":"Home","item":"https:\/\/corporatemondevents.ro\/ro\/"},{"@type":"ListItem","position":2,"name":"Evenimente corporate Cluj | MONDEVENTS"}]}]}},"_links":{"self":[{"href":"https:\/\/corporatemondevents.ro\/ro\/wp-json\/wp\/v2\/pages\/1591\/"}],"collection":[{"href":"https:\/\/corporatemondevents.ro\/ro\/wp-json\/wp\/v2\/pages\/"}],"about":[{"href":"https:\/\/corporatemondevents.ro\/ro\/wp-json\/wp\/v2\/types\/page\/"}],"author":[{"embeddable":true,"href":"https:\/\/corporatemondevents.ro\/ro\/wp-json\/wp\/v2\/users\/9\/"}],"replies":[{"embeddable":true,"href":"https:\/\/corporatemondevents.ro\/ro\/wp-json\/wp\/v2\/comments\/?post=1591"}],"version-history":[{"count":15,"href":"https:\/\/corporatemondevents.ro\/ro\/wp-json\/wp\/v2\/pages\/1591\/revisions\/"}],"predecessor-version":[{"id":4148,"href":"https:\/\/corporatemondevents.ro\/ro\/wp-json\/wp\/v2\/pages\/1591\/revisions\/4148\/"}],"wp:attachment":[{"href":"https:\/\/corporatemondevents.ro\/ro\/wp-json\/wp\/v2\/media\/?parent=1591"}],"curies":[{"name":"wp","href":"https:\/\/api.w.org\/{rel}","templated":true}]}}