{"id":1660,"date":"2018-04-26T12:36:18","date_gmt":"2018-04-26T12:36:18","guid":{"rendered":"https:\/\/corporatemondevents.ro\/about-us\/"},"modified":"2023-10-02T11:46:12","modified_gmt":"2023-10-02T11:46:12","slug":"despre-noi","status":"publish","type":"page","link":"https:\/\/corporatemondevents.ro\/ro\/despre-noi\/","title":{"rendered":"Despre noi"},"content":{"rendered":"<p><div class=\"fusion-fullwidth fullwidth-box fusion-builder-row-1 nonhundred-percent-fullwidth non-hundred-percent-height-scrolling\" style=\"background-color: rgba(255,255,255,0);background-position: center center;background-repeat: no-repeat;padding-top:30px;padding-right:0px;padding-bottom:30px;padding-left:0px;margin-bottom: 0px;margin-top: 0px;border-width: 0px 0px 0px 0px;border-color:#eae9e9;border-style:solid;\" ><div class=\"fusion-builder-row fusion-row\"><div class=\"fusion-layout-column fusion_builder_column fusion-builder-column-0 fusion_builder_column_1_1 1_1 fusion-one-full fusion-column-first fusion-column-last\" style=\"margin-top:0px;margin-bottom:20px;\"><div class=\"fusion-column-wrapper fusion-flex-column-wrapper-legacy\" style=\"background-position:left top;background-repeat:no-repeat;-webkit-background-size:cover;-moz-background-size:cover;-o-background-size:cover;background-size:cover;padding: 0px 0px 0px 0px;\"><div class=\"fusion-text fusion-text-1\"><p>Timpul a devenit cea mai valoroas\u0103 resurs\u0103 a noastr\u0103. Nu avem niciodat\u0103 suficient timp pentru toate sarcinile de la munc\u0103, pentru a petrece timp cu familia, pentru hobby-uri sau prieteni. Dar ce po\u021bi face c\u00e2nd ai multe treburi de f\u0103cut \u0219i mai trebuie s\u0103 organizezi \u0219i evenimentul companiei? Cau\u0163i cea mai bun\u0103 echip\u0103 pentru a te ajuta s\u0103 organizezi evenimente memorabile, de care te vei putea bucura \u0219i tu.<\/p>\n<p style=\"text-align: justify;\" data-fontsize=\"16\" data-lineheight=\"36\"><strong>MONDEVENTS <\/strong>este partenerul preferat al companiilor din Cluj Napoca c\u00e2nd vine vorba de organizarea de evenimente corporate, fie c\u0103 vorbim de conferin\u0163e, seminarii \u0219i lans\u0103ri de produse, sau petreceri aniversare tematice, Summer Party sau Winter party.<\/p>\n<\/div><div class=\"fusion-clearfix\"><\/div><\/div><\/div><\/div><\/div><div class=\"fusion-fullwidth fullwidth-box fusion-builder-row-2 nonhundred-percent-fullwidth non-hundred-percent-height-scrolling\" style=\"background-color: rgba(255,255,255,0);background-position: left top;background-repeat: no-repeat;padding-top:0px;padding-right:0px;padding-bottom:10px;padding-left:0px;margin-bottom: 0px;margin-top: 0px;border-width: 0px 0px 0px 0px;border-color:#eae9e9;border-style:solid;\" ><div class=\"fusion-builder-row fusion-row\"><div class=\"fusion-layout-column fusion_builder_column fusion-builder-column-1 fusion_builder_column_1_2 1_2 fusion-one-half fusion-column-first\" style=\"width:48%; margin-right: 4%;margin-top:0px;margin-bottom:20px;\"><div class=\"fusion-column-wrapper fusion-flex-column-wrapper-legacy\" style=\"background-position:left top;background-repeat:no-repeat;-webkit-background-size:cover;-moz-background-size:cover;-o-background-size:cover;background-size:cover;padding: 0px 0px 0px 0px;\"><div class=\"fusion-text fusion-text-2\"><h2>CINE SUNTEM<\/h2>\n<\/div><div class=\"fusion-text fusion-text-3\"><p align=\"justify\"><span id=\"qte1\" class=\"fusion-imageframe imageframe-none imageframe-2 hover-type-none qte1\" style=\"margin-right: 15px; float: left;\"><img class=\"img-responsive wp-image-1149\" style=\"float: left; padding-right: 10px;\" title=\"\" src=\"https:\/\/corporatemondevents.ro\/wp-content\/uploads\/2018\/03\/AzoSans-Regular.woff\" alt=\"\" width=\"\" height=\"\" \/><\/span> Project Manager \/ PRINCE2\u00ae Practitioner \/ MSP\u00ae Practitioner, sau mai simplu, Planning Maniac. Am petrecut 12 ani \u020bn mediul corporatist, lucr\u00e2nd pentru companii precum Genpact, Emerson sau Betfair, planific\u00e2nd proiecte, gestion\u00e2nd bugete, evalu\u00e2nd \u0219i atenu\u00e2nd riscuri de proiect, coordon\u00e2nd echipe \u0219i adaug\u00e2nd valoare. Cred c\u0103 un project manager bun ar trebui s\u0103 \u021bin\u0103 cont \u00eentotdeauna de cei mai importan\u0163i indicatori de performan\u0163\u0103 ai unui proiect: livrare complet\u0103 \u00een limitele de timp \u015fi buget agreate, dar \u00een acela\u015fi timp s\u0103 creeze rela\u0163ii bune de colaborare \u00een echipa de proiect pe care o coordoneaz\u0103. Lumea corpora\u0163iilor m-a ajutat s\u0103 m\u0103 formez ca profesionist, m-a \u020bnv\u0103\u0163at s\u0103 \u201cspeak corporate\u201d, \u0219i s\u0103 \u020bn\u0163eleg nevoile unei companii \u020bn ceea ce prive\u0219te parteneriatele \u0219i colabor\u0103rile, ce trebuie s\u0103 ofere angaja\u0163ilor \u0219i cum s\u0103 se promoveze \u020bn mediul din Cluj. C\u00e2nd nu planific nimic, joc tenis, alerg, citesc sau c\u00e2nt la chitar\u0103 pentru prieteni.<\/p>\n<\/div><div class=\"fusion-sep-clear\"><\/div><div class=\"fusion-separator fusion-clearfix\" style=\"float:left;margin-top:0px;margin-bottom:35px;width:100%;max-width:170px;\"><div class=\"fusion-separator-border sep-single sep-solid\" style=\"border-color:#e2e3e8;border-top-width:3px;\"><\/div><\/div><div class=\"fusion-sep-clear\"><\/div><div class=\"fusion-text fusion-text-4\"><p><strong>Ilinca Hanga &#8211; Project &amp; Programme Manager Certificat<\/strong><\/p>\n<\/div><div class=\"fusion-clearfix\"><\/div><\/div><\/div><div class=\"fusion-layout-column fusion_builder_column fusion-builder-column-2 fusion_builder_column_1_2 1_2 fusion-one-half fusion-column-last\" style=\"width:48%;margin-top:0px;margin-bottom:20px;\"><div class=\"fusion-column-wrapper fusion-flex-column-wrapper-legacy\" style=\"background-position:left top;background-repeat:no-repeat;-webkit-background-size:cover;-moz-background-size:cover;-o-background-size:cover;background-size:cover;padding: 0px 0px 0px 0px;\"><span class=\" fusion-imageframe imageframe-none imageframe-1 hover-type-zoomin fusion-animated\" data-animationType=\"fadeInDown\" data-animationDuration=\"1.0\" data-animationOffset=\"100%\"><a href=\"https:\/\/corporatemondevents.ro\/wp-content\/uploads\/2018\/04\/Ilinca-Hanga-Mondevents-800x1000.jpg\" class=\"fusion-lightbox\" data-rel=\"iLightbox[aec64e8e0adb59a4b4d]\" data-title=\"Ilinca Hanga MONDEVENTS Corporate event planning company\" title=\"Ilinca Hanga MONDEVENTS Corporate event planning company\"><img width=\"800\" height=\"1000\" src=\"https:\/\/corporatemondevents.ro\/wp-content\/uploads\/2018\/04\/Ilinca-Hanga-Mondevents-800x1000.jpg\" class=\"img-responsive wp-image-4128\" srcset=\"https:\/\/corporatemondevents.ro\/wp-content\/uploads\/2018\/04\/Ilinca-Hanga-Mondevents-200x250.jpg 200w, https:\/\/corporatemondevents.ro\/wp-content\/uploads\/2018\/04\/Ilinca-Hanga-Mondevents-400x500.jpg 400w, https:\/\/corporatemondevents.ro\/wp-content\/uploads\/2018\/04\/Ilinca-Hanga-Mondevents-600x750.jpg 600w, https:\/\/corporatemondevents.ro\/wp-content\/uploads\/2018\/04\/Ilinca-Hanga-Mondevents-800x1000.jpg 800w, https:\/\/corporatemondevents.ro\/wp-content\/uploads\/2018\/04\/Ilinca-Hanga-Mondevents.jpg 1000w\" sizes=\"(max-width: 800px) 100vw, 600px\" \/><\/a><\/span><div class=\"fusion-sep-clear\"><\/div><div class=\"fusion-separator fusion-clearfix\" style=\"float:left;margin-top:0px;margin-bottom:35px;width:100%;max-width:170px;\"><div class=\"fusion-separator-border sep-single sep-solid\" style=\"border-color:#e2e3e8;border-top-width:3px;\"><\/div><\/div><div class=\"fusion-sep-clear\"><\/div><div class=\"fusion-clearfix\"><\/div><\/div><\/div><\/div><\/div><div class=\"fusion-fullwidth fullwidth-box fusion-builder-row-3 nonhundred-percent-fullwidth non-hundred-percent-height-scrolling\" style=\"background-color: rgba(255,255,255,0);background-position: left top;background-repeat: no-repeat;padding-top:50px;padding-right:0px;padding-bottom:100px;padding-left:0px;margin-bottom: 0px;margin-top: 0px;border-width: 0px 0px 0px 0px;border-color:#eae9e9;border-style:solid;\" ><div class=\"fusion-builder-row fusion-row\"><div class=\"fusion-layout-column fusion_builder_column fusion-builder-column-3 fusion_builder_column_1_2 1_2 fusion-one-half fusion-column-first\" style=\"width:48%; margin-right: 4%;margin-top:0px;margin-bottom:20px;\"><div class=\"fusion-column-wrapper fusion-flex-column-wrapper-legacy\" style=\"background-position:left top;background-repeat:no-repeat;-webkit-background-size:cover;-moz-background-size:cover;-o-background-size:cover;background-size:cover;padding: 0px 0px 0px 0px;\"><span class=\" fusion-imageframe imageframe-none imageframe-2 hover-type-zoomin fusion-animated\" data-animationType=\"fadeInDown\" data-animationDuration=\"1.0\" data-animationOffset=\"100%\"><a href=\"https:\/\/corporatemondevents.ro\/wp-content\/uploads\/2018\/04\/Catalina-Muresan-Mondevents-800x1138.jpg\" class=\"fusion-lightbox\" data-rel=\"iLightbox[06211e1dbe73dc102b3]\" data-title=\"Catalina Muresan MONDEVENTS Corporate event planning company\" title=\"Catalina Muresan MONDEVENTS Corporate event planning company\"><img width=\"800\" height=\"1138\" src=\"https:\/\/corporatemondevents.ro\/wp-content\/uploads\/2018\/04\/Catalina-Muresan-Mondevents-800x1138.jpg\" class=\"img-responsive wp-image-4129\" srcset=\"https:\/\/corporatemondevents.ro\/wp-content\/uploads\/2018\/04\/Catalina-Muresan-Mondevents-200x285.jpg 200w, https:\/\/corporatemondevents.ro\/wp-content\/uploads\/2018\/04\/Catalina-Muresan-Mondevents-400x569.jpg 400w, https:\/\/corporatemondevents.ro\/wp-content\/uploads\/2018\/04\/Catalina-Muresan-Mondevents-600x854.jpg 600w, https:\/\/corporatemondevents.ro\/wp-content\/uploads\/2018\/04\/Catalina-Muresan-Mondevents-800x1138.jpg 800w, https:\/\/corporatemondevents.ro\/wp-content\/uploads\/2018\/04\/Catalina-Muresan-Mondevents.jpg 1000w\" sizes=\"(max-width: 800px) 100vw, 600px\" \/><\/a><\/span><div class=\"fusion-clearfix\"><\/div><\/div><\/div><div class=\"fusion-layout-column fusion_builder_column fusion-builder-column-4 fusion_builder_column_1_2 1_2 fusion-one-half fusion-column-last\" style=\"width:48%;margin-top:0px;margin-bottom:20px;\"><div class=\"fusion-column-wrapper fusion-flex-column-wrapper-legacy\" style=\"background-position:left top;background-repeat:no-repeat;-webkit-background-size:cover;-moz-background-size:cover;-o-background-size:cover;background-size:cover;padding: 0px 0px 0px 0px;\"><div class=\"fusion-text fusion-text-5\"><p align=\"justify\"><span id=\"qte1\" class=\"fusion-imageframe imageframe-none imageframe-2 hover-type-none qte1\" style=\"margin-right: 15px; float: left;\"><img class=\"img-responsive wp-image-1149\" style=\"float: left; padding-right: 10px;\" title=\"\" src=\"https:\/\/corporatemondevents.ro\/wp-content\/uploads\/2018\/03\/AzoSans-Regular.woff\" alt=\"\" width=\"\" height=\"\" \/><\/span> \u00cen ultimii 10 ani, mi-am construit cariera pe un principiu simplu: s\u0103 livrez c\u00e2t mai eficient. Sunt persoana care caut\u0103 proceduri ineficiente \u0219i nu renun\u0163\u0103 p\u00e2n\u0103 nu g\u0103se\u0219te modalit\u0103\u021bi de a le \u020bmbun\u0103t\u0103\u0163i, str\u0103duindu-se constant s\u0103 creasc\u0103 productivitatea celor din jur. Analiz\u00e2nd oportunit\u0103\u021bile profesionale p\u00e2n\u0103 \u020bn prezent, a\u0219 putea spune c\u0103 am cultivat o capacitate extraordinar\u0103 de a \u00eenv\u0103\u021ba \u0219i de a aplica informa\u021bii noi rapid \u0219i precis, o abilitate de a-mi gestiona \u00een mod eficient timpul prin planificarea \u0219i organizarea atent\u0103 a activit\u0103\u021bilor de lucru; o aptitudine de identificare \u0219i rezolvare eficient\u0103 a problemelor, prin abilit\u0103\u021bi excelente de comunicare \u0219i managementul conflictelor care au ca rezultat rela\u021bii interpersonale pozitive. \u00cen timpul liber \u00eemi place s\u0103 ma dau cu bicicleta, s\u0103 m\u0103 implic \u00een mentorat \u0219i coaching \u00een diferite startup-uri, saltul cu para\u0219uta, iar recent am \u00eenceput s\u0103 joc squash \u0219i m-am \u00eendr\u0103gostit de acest sport.<\/p>\n<\/div><div class=\"fusion-sep-clear\"><\/div><div class=\"fusion-separator fusion-clearfix\" style=\"float:left;margin-top:0px;margin-bottom:35px;width:100%;max-width:170px;\"><div class=\"fusion-separator-border sep-single sep-solid\" style=\"border-color:#e2e3e8;border-top-width:3px;\"><\/div><\/div><div class=\"fusion-sep-clear\"><\/div><div class=\"fusion-text fusion-text-6\"><p><strong>C\u0103t\u0103lina Mure\u0219an &#8211; Project Manager &amp; Product Owner Certificat<\/strong><\/p>\n<\/div><div class=\"fusion-clearfix\"><\/div><\/div><\/div><\/div><\/div><\/p>\n","protected":false},"excerpt":{"rendered":"","protected":false},"author":9,"featured_media":0,"parent":0,"menu_order":0,"comment_status":"closed","ping_status":"closed","template":"100-width.php","meta":[],"yoast_head":"<!-- This site is optimized with the Yoast SEO plugin v17.0 - https:\/\/yoast.com\/wordpress\/plugins\/seo\/ -->\n<title>Evenimente corporate Cluj | MONDEVENTS | Organizare evenimente<\/title>\n<meta name=\"description\" content=\"MONDEVENTS este specializata in organizarea de evenimente pentru companii, conferin\u0163e, seminarii, lans\u0103ri de produse, petreceri aniversare.\" \/>\n<meta name=\"robots\" content=\"index, follow, max-snippet:-1, max-image-preview:large, max-video-preview:-1\" \/>\n<link rel=\"canonical\" href=\"https:\/\/corporatemondevents.ro\/ro\/despre-noi\/\" \/>\n<meta property=\"og:locale\" content=\"ro_RO\" \/>\n<meta property=\"og:type\" content=\"article\" \/>\n<meta property=\"og:title\" content=\"Evenimente corporate Cluj | MONDEVENTS | Organizare evenimente\" \/>\n<meta property=\"og:description\" content=\"MONDEVENTS este specializata in organizarea de evenimente pentru companii, conferin\u0163e, seminarii, lans\u0103ri de produse, petreceri aniversare.\" \/>\n<meta property=\"og:url\" content=\"https:\/\/corporatemondevents.ro\/ro\/despre-noi\/\" \/>\n<meta property=\"og:site_name\" content=\"Corporate Events - Mondevents\" \/>\n<meta property=\"article:modified_time\" content=\"2023-10-02T11:46:12+00:00\" \/>\n<meta property=\"og:image\" content=\"https:\/\/corporatemondevents.ro\/wp-content\/uploads\/2018\/03\/AzoSans-Regular.woff\" \/>\n<meta name=\"twitter:card\" content=\"summary_large_image\" \/>\n<meta name=\"twitter:label1\" content=\"Timp estimat pentru citire\" \/>\n\t<meta name=\"twitter:data1\" content=\"4 minute\" \/>\n<script type=\"application\/ld+json\" class=\"yoast-schema-graph\">{\"@context\":\"https:\/\/schema.org\",\"@graph\":[{\"@type\":\"WebSite\",\"@id\":\"https:\/\/corporatemondevents.ro\/#website\",\"url\":\"https:\/\/corporatemondevents.ro\/\",\"name\":\"Corporate Events - Mondevents\",\"description\":\"We believe in transforming corporate events into experiences for people.\",\"potentialAction\":[{\"@type\":\"SearchAction\",\"target\":{\"@type\":\"EntryPoint\",\"urlTemplate\":\"https:\/\/corporatemondevents.ro\/?s={search_term_string}\"},\"query-input\":\"required name=search_term_string\"}],\"inLanguage\":\"ro-RO\"},{\"@type\":\"ImageObject\",\"@id\":\"https:\/\/corporatemondevents.ro\/ro\/despre-noi\/#primaryimage\",\"inLanguage\":\"ro-RO\",\"url\":\"\",\"contentUrl\":\"\"},{\"@type\":\"WebPage\",\"@id\":\"https:\/\/corporatemondevents.ro\/ro\/despre-noi\/#webpage\",\"url\":\"https:\/\/corporatemondevents.ro\/ro\/despre-noi\/\",\"name\":\"Evenimente corporate Cluj | MONDEVENTS | Organizare evenimente\",\"isPartOf\":{\"@id\":\"https:\/\/corporatemondevents.ro\/#website\"},\"primaryImageOfPage\":{\"@id\":\"https:\/\/corporatemondevents.ro\/ro\/despre-noi\/#primaryimage\"},\"datePublished\":\"2018-04-26T12:36:18+00:00\",\"dateModified\":\"2023-10-02T11:46:12+00:00\",\"description\":\"MONDEVENTS este specializata in organizarea de evenimente pentru companii, conferin\\u0163e, seminarii, lans\\u0103ri de produse, petreceri aniversare.\",\"breadcrumb\":{\"@id\":\"https:\/\/corporatemondevents.ro\/ro\/despre-noi\/#breadcrumb\"},\"inLanguage\":\"ro-RO\",\"potentialAction\":[{\"@type\":\"ReadAction\",\"target\":[\"https:\/\/corporatemondevents.ro\/ro\/despre-noi\/\"]}]},{\"@type\":\"BreadcrumbList\",\"@id\":\"https:\/\/corporatemondevents.ro\/ro\/despre-noi\/#breadcrumb\",\"itemListElement\":[{\"@type\":\"ListItem\",\"position\":1,\"name\":\"Home\",\"item\":\"https:\/\/corporatemondevents.ro\/ro\/\"},{\"@type\":\"ListItem\",\"position\":2,\"name\":\"Despre noi\"}]}]}<\/script>\n<!-- \/ Yoast SEO plugin. -->","yoast_head_json":{"title":"Evenimente corporate Cluj | MONDEVENTS | Organizare evenimente","description":"MONDEVENTS este specializata in organizarea de evenimente pentru companii, conferin\u0163e, seminarii, lans\u0103ri de produse, petreceri aniversare.","robots":{"index":"index","follow":"follow","max-snippet":"max-snippet:-1","max-image-preview":"max-image-preview:large","max-video-preview":"max-video-preview:-1"},"canonical":"https:\/\/corporatemondevents.ro\/ro\/despre-noi\/","og_locale":"ro_RO","og_type":"article","og_title":"Evenimente corporate Cluj | MONDEVENTS | Organizare evenimente","og_description":"MONDEVENTS este specializata in organizarea de evenimente pentru companii, conferin\u0163e, seminarii, lans\u0103ri de produse, petreceri aniversare.","og_url":"https:\/\/corporatemondevents.ro\/ro\/despre-noi\/","og_site_name":"Corporate Events - Mondevents","article_modified_time":"2023-10-02T11:46:12+00:00","og_image":[{"url":"https:\/\/corporatemondevents.ro\/wp-content\/uploads\/2018\/03\/AzoSans-Regular.woff"}],"twitter_card":"summary_large_image","twitter_misc":{"Timp estimat pentru citire":"4 minute"},"schema":{"@context":"https:\/\/schema.org","@graph":[{"@type":"WebSite","@id":"https:\/\/corporatemondevents.ro\/#website","url":"https:\/\/corporatemondevents.ro\/","name":"Corporate Events - Mondevents","description":"We believe in transforming corporate events into experiences for people.","potentialAction":[{"@type":"SearchAction","target":{"@type":"EntryPoint","urlTemplate":"https:\/\/corporatemondevents.ro\/?s={search_term_string}"},"query-input":"required name=search_term_string"}],"inLanguage":"ro-RO"},{"@type":"ImageObject","@id":"https:\/\/corporatemondevents.ro\/ro\/despre-noi\/#primaryimage","inLanguage":"ro-RO","url":"","contentUrl":""},{"@type":"WebPage","@id":"https:\/\/corporatemondevents.ro\/ro\/despre-noi\/#webpage","url":"https:\/\/corporatemondevents.ro\/ro\/despre-noi\/","name":"Evenimente corporate Cluj | MONDEVENTS | Organizare evenimente","isPartOf":{"@id":"https:\/\/corporatemondevents.ro\/#website"},"primaryImageOfPage":{"@id":"https:\/\/corporatemondevents.ro\/ro\/despre-noi\/#primaryimage"},"datePublished":"2018-04-26T12:36:18+00:00","dateModified":"2023-10-02T11:46:12+00:00","description":"MONDEVENTS este specializata in organizarea de evenimente pentru companii, conferin\u0163e, seminarii, lans\u0103ri de produse, petreceri aniversare.","breadcrumb":{"@id":"https:\/\/corporatemondevents.ro\/ro\/despre-noi\/#breadcrumb"},"inLanguage":"ro-RO","potentialAction":[{"@type":"ReadAction","target":["https:\/\/corporatemondevents.ro\/ro\/despre-noi\/"]}]},{"@type":"BreadcrumbList","@id":"https:\/\/corporatemondevents.ro\/ro\/despre-noi\/#breadcrumb","itemListElement":[{"@type":"ListItem","position":1,"name":"Home","item":"https:\/\/corporatemondevents.ro\/ro\/"},{"@type":"ListItem","position":2,"name":"Despre noi"}]}]}},"_links":{"self":[{"href":"https:\/\/corporatemondevents.ro\/ro\/wp-json\/wp\/v2\/pages\/1660\/"}],"collection":[{"href":"https:\/\/corporatemondevents.ro\/ro\/wp-json\/wp\/v2\/pages\/"}],"about":[{"href":"https:\/\/corporatemondevents.ro\/ro\/wp-json\/wp\/v2\/types\/page\/"}],"author":[{"embeddable":true,"href":"https:\/\/corporatemondevents.ro\/ro\/wp-json\/wp\/v2\/users\/9\/"}],"replies":[{"embeddable":true,"href":"https:\/\/corporatemondevents.ro\/ro\/wp-json\/wp\/v2\/comments\/?post=1660"}],"version-history":[{"count":26,"href":"https:\/\/corporatemondevents.ro\/ro\/wp-json\/wp\/v2\/pages\/1660\/revisions\/"}],"predecessor-version":[{"id":4130,"href":"https:\/\/corporatemondevents.ro\/ro\/wp-json\/wp\/v2\/pages\/1660\/revisions\/4130\/"}],"wp:attachment":[{"href":"https:\/\/corporatemondevents.ro\/ro\/wp-json\/wp\/v2\/media\/?parent=1660"}],"curies":[{"name":"wp","href":"https:\/\/api.w.org\/{rel}","templated":true}]}}