{"id":1682,"date":"2018-04-26T13:09:28","date_gmt":"2018-04-26T13:09:28","guid":{"rendered":"https:\/\/corporatemondevents.ro\/lets-talk\/"},"modified":"2023-10-02T11:44:07","modified_gmt":"2023-10-02T11:44:07","slug":"colaborare-evenimente-companii-cluj-napoca","status":"publish","type":"page","link":"https:\/\/corporatemondevents.ro\/ro\/colaborare-evenimente-companii-cluj-napoca\/","title":{"rendered":"Cum vom colabora"},"content":{"rendered":"<div class=\"fusion-fullwidth fullwidth-box fusion-builder-row-1 nonhundred-percent-fullwidth non-hundred-percent-height-scrolling\" style=\"background-color: rgba(255,255,255,0);background-position: center center;background-repeat: no-repeat;padding-top:5px;padding-right:0px;padding-bottom:30px;padding-left:0px;margin-bottom: 0px;margin-top: 30px;border-width: 0px 0px 0px 0px;border-color:#eae9e9;border-style:solid;\" ><div class=\"fusion-builder-row fusion-row\"><div class=\"fusion-layout-column fusion_builder_column fusion-builder-column-0 fusion_builder_column_1_1 1_1 fusion-one-full fusion-column-first fusion-column-last\" style=\"margin-top:0px;margin-bottom:20px;\"><div class=\"fusion-column-wrapper fusion-flex-column-wrapper-legacy\" style=\"background-position:left top;background-repeat:no-repeat;-webkit-background-size:cover;-moz-background-size:cover;-o-background-size:cover;background-size:cover;padding: 0px 0px 0px 0px;\"><div class=\"fusion-column-content-centered\"><div class=\"fusion-column-content\"><div class=\"fusion-text fusion-text-1\"><p align=\"justify\">Creion\u0103m, planific\u0103m \u0219i gestion\u0103m fiecare eveniment de la concept p\u00e2n\u0103 la execu\u0163ie, oferind evenimente complet personalizate, care reflect\u0103 imaginea \u0219i brandul fiec\u0103rui client. Pentru c\u0103 un eveniment reu\u0219it este acela care ofer\u0103 o experien\u0163\u0103 deosebit\u0103 participan\u0163ilor \u0219i care creeaz\u0103 loialitate \u00een r\u00e2ndul angaja\u0163ilor \u0219i colaboratorilor. Toate astea \u00eenso\u0163ite de cele mai bune vinuri \u0219i cocktail-uri, experien\u0163e culinare, muzic\u0103, divertisment \u0219i, desigur, concepte inovatoare.<br \/>\nPentru noi este foarte important ca experien\u0163a organiz\u0103rii evenimentului s\u0103 fie la fel de placut\u0103 ca evenimentul \u00een sine pentru clien\u0163ii nostri. Acesta este motivul pentru care elimin\u0103m stresul planific\u0103rii \u0219i coordon\u0103rii, deoarece noi acoperim toate etapele de la crearea conceptului, planificare, gestionare \u0219i organizare a proiectului, p\u00e2n\u0103 la execu\u0163ie.<\/p>\n<\/div><div class=\"fusion-content-boxes content-boxes columns row fusion-columns-1 fusion-columns-total-4 fusion-content-boxes-1 content-boxes-timeline-vertical content-left content-boxes-timeline-layout content-boxes-icon-with-title fusion-delayed-animation\" data-animation-delay=\"350\" data-animationOffset=\"100%\" style=\"margin-top:0px;margin-bottom:60px;\"><style type=\"text\/css\">.fusion-content-boxes-1 .heading .content-box-heading {color:#242930;}\n\t\t\t\t\t.fusion-content-boxes-1 .fusion-content-box-hover .link-area-link-icon-hover .heading .content-box-heading,\n\t\t\t\t\t.fusion-content-boxes-1 .fusion-content-box-hover .link-area-link-icon-hover .heading .heading-link .content-box-heading,\n\t\t\t\t\t.fusion-content-boxes-1 .fusion-content-box-hover .link-area-box-hover .heading .content-box-heading,\n\t\t\t\t\t.fusion-content-boxes-1 .fusion-content-box-hover .link-area-box-hover .heading .heading-link .content-box-heading,\n\t\t\t\t\t.fusion-content-boxes-1 .fusion-content-box-hover .link-area-link-icon-hover.link-area-box .fusion-read-more,\n\t\t\t\t\t.fusion-content-boxes-1 .fusion-content-box-hover .link-area-link-icon-hover.link-area-box .fusion-read-more::after,\n\t\t\t\t\t.fusion-content-boxes-1 .fusion-content-box-hover .link-area-link-icon-hover.link-area-box .fusion-read-more::before,\n\t\t\t\t\t.fusion-content-boxes-1 .fusion-content-box-hover .fusion-read-more:hover:after,\n\t\t\t\t\t.fusion-content-boxes-1 .fusion-content-box-hover .fusion-read-more:hover:before,\n\t\t\t\t\t.fusion-content-boxes-1 .fusion-content-box-hover .fusion-read-more:hover,\n\t\t\t\t\t.fusion-content-boxes-1 .fusion-content-box-hover .link-area-box-hover.link-area-box .fusion-read-more,\n\t\t\t\t\t.fusion-content-boxes-1 .fusion-content-box-hover .link-area-box-hover.link-area-box .fusion-read-more::after,\n\t\t\t\t\t.fusion-content-boxes-1 .fusion-content-box-hover .link-area-box-hover.link-area-box .fusion-read-more::before,\n\t\t\t\t\t.fusion-content-boxes-1 .fusion-content-box-hover .link-area-link-icon-hover .icon .circle-no,\n\t\t\t\t\t.fusion-content-boxes-1 .heading .heading-link:hover .content-box-heading {\n\t\t\t\t\t\tcolor: #2ba0a3;\n\t\t\t\t\t}\n\t\t\t\t\t.fusion-content-boxes-1 .fusion-content-box-hover .link-area-box-hover .icon .circle-no {\n\t\t\t\t\t\tcolor: #2ba0a3 !important;\n\t\t\t\t\t}.fusion-content-boxes-1 .fusion-content-box-hover .link-area-box.link-area-box-hover .fusion-content-box-button {background: rgba(255,255,255,.035);color: rgba(255,255,255,.9);}.fusion-content-boxes-1 .fusion-content-box-hover .link-area-box.link-area-box-hover .fusion-content-box-button .fusion-button-text {color: rgba(255,255,255,.9);}\n\t\t\t\t\t.fusion-content-boxes-1 .fusion-content-box-hover .link-area-link-icon-hover .heading .icon > span {\n\t\t\t\t\t\tbackground-color: #2ba0a3 !important;\n\t\t\t\t\t}\n\t\t\t\t\t.fusion-content-boxes-1 .fusion-content-box-hover .link-area-box-hover .heading .icon > span {\n\t\t\t\t\t\tborder-color: #2ba0a3 !important;\n\t\t\t\t\t}\n\t\t\t\t\t\t.fusion-content-boxes-1 .fusion-content-box-hover .link-area-link-icon-hover.icon-hover-animation-pulsate .fontawesome-icon:after,\n\t\t\t\t\t\t.fusion-content-boxes-1 .fusion-content-box-hover .link-area-box-hover.icon-hover-animation-pulsate .fontawesome-icon:after,\n\t\t\t\t\t\t.fusion-content-boxes-1 .fusion-content-box-hover .link-area-link-icon-hover.icon-wrapper-hover-animation-pulsate .icon span:after,\n\t\t\t\t\t\t.fusion-content-boxes-1 .fusion-content-box-hover .link-area-box-hover.icon-wrapper-hover-animation-pulsate .icon span:after {\n\t\t\t\t\t\t\t-webkit-box-shadow:0 0 0 2px rgba(255,255,255,0.1), 0 0 10px 10px #2ba0a3, 0 0 0 10px rgba(255,255,255,0.5);\n\t\t\t\t\t\t\t-moz-box-shadow:0 0 0 2px rgba(255,255,255,0.1), 0 0 10px 10px #2ba0a3, 0 0 0 10px rgba(255,255,255,0.5);\n\t\t\t\t\t\t\tbox-shadow: 0 0 0 2px rgba(255,255,255,0.1), 0 0 10px 10px #2ba0a3, 0 0 0 10px rgba(255,255,255,0.5);\n\t\t\t\t\t\t}\n\t\t\t\t\t<\/style><div class=\"fusion-column content-box-column content-box-column content-box-column-1 col-lg-12 col-md-12 col-sm-12 fusion-content-box-hover content-box-column-last-in-row\"><div class=\"col content-box-wrapper content-wrapper link-area-box link-type-text content-icon-wrapper-yes icon-wrapper-hover-animation-pulsate fusion-animated\" style=\"background-color:rgba(255,255,255,0);\" data-link=\"#\" data-link-target=\"_blank\" data-animationType=\"fadeIn\" data-animationDuration=\"0.25\" data-animationOffset=\"100%\"><div class=\"heading heading-with-icon icon-left\" style=\"margin-top:37px;\"><a class=\"heading-link\" href=\"#\" target=\"_blank\" rel=\"noopener noreferrer\"><div class=\"icon\" style=\"margin-top:-37px;margin-bottom:-37px;-webkit-animation-duration: 350ms;animation-duration: 350ms;\"><span style=\"height:88px;width:88px;line-height:50px;border-color:#74c5da;border-width:2px;border-style:solid;background-color:#472d9a;margin-right:20px;box-sizing:content-box;border-radius:50%;\"><i style=\"border-color:#472d9a;border-width:6px;background-color:#472d9a;box-sizing:content-box;height:76px;width:76px;line-height:76px;border-radius:50%;position:relative;top:auto;left:auto;margin:0;border-radius:50%;color:#ffffff;font-size:38px;\" aria-hidden=\"true\" class=\"fontawesome-icon fa fa-list-ol circle-yes\"><\/i><\/span><\/div><h2 class=\"content-box-heading\" style=\"font-size:18px;line-height:23px;\">Procesul<\/h2><\/a><\/div><div class=\"fusion-clearfix\"><\/div><div class=\"content-container\" style=\"padding-left:112px;color:#747474;\">\n<p align=\"justify\">\u020ancepem prin a ne cunoa\u0219te clientul pentru a \u00een\u0163elege geneza evenimentului, cultura companiei \u0219i brand-ului. Vom dori s\u0103 afl\u0103m detaliile evenimentului, \u0219i anume num\u0103rul de invita\u0163i, perioada anului, specifica\u0163iile loca\u0163iei dorite \u0219i orice altceva ve\u0163i dori s\u0103 \u00eemp\u0103rt\u0103\u0219i\u0163i cu noi. Aceste informa\u0163ii vor fi folosite pentru a crea conceputul potrivit evenimentului, pentru a alege loca\u0163ia corespunz\u0103toare \u0219i op\u0163iunile de divertisment.<br \/>\n\u020an doar c\u00e2teva zile v\u0103 vom face o propunere pentru un concept de eveniment memorabil, menit s\u0103 impresioneze angaja\u0163ii companiei si partenerii de afaceri.<\/p>\n<\/div><div class=\"content-box-shortcode-timeline-vertical\" style=\"border-color:#74c5da;left:61px;top:46px;-webkit-transition-duration: 350ms;animation-duration: 350ms;\"><\/div><\/div><\/div><div class=\"fusion-column content-box-column content-box-column content-box-column-2 col-lg-12 col-md-12 col-sm-12 fusion-content-box-hover content-box-column-last-in-row\"><div class=\"col content-box-wrapper content-wrapper link-area-box link-type-text content-icon-wrapper-yes icon-wrapper-hover-animation-pulsate fusion-animated\" style=\"background-color:rgba(255,255,255,0);\" data-link=\"#\" data-link-target=\"_blank\" data-animationType=\"fadeIn\" data-animationDuration=\"0.25\" data-animationOffset=\"100%\"><div class=\"heading heading-with-icon icon-left\" style=\"margin-top:37px;\"><a class=\"heading-link\" href=\"#\" target=\"_blank\" rel=\"noopener noreferrer\"><div class=\"icon\" style=\"margin-top:-37px;margin-bottom:-37px;-webkit-animation-duration: 350ms;animation-duration: 350ms;\"><span style=\"height:88px;width:88px;line-height:50px;border-color:#74c5da;border-width:2px;border-style:solid;background-color:#472d9a;margin-right:20px;box-sizing:content-box;border-radius:50%;\"><i style=\"border-color:#472d9a;border-width:6px;background-color:#472d9a;box-sizing:content-box;height:76px;width:76px;line-height:76px;border-radius:50%;position:relative;top:auto;left:auto;margin:0;border-radius:50%;color:#ffffff;font-size:38px;\" aria-hidden=\"true\" class=\"fontawesome-icon fa fa-handshake-o circle-yes\"><\/i><\/span><\/div><h2 class=\"content-box-heading\" style=\"font-size:18px;line-height:23px;\">Partenerii<\/h2><\/a><\/div><div class=\"fusion-clearfix\"><\/div><div class=\"content-container\" style=\"padding-left:112px;color:#747474;\">\n<p align=\"justify\">Colabor\u0103m cu cei mai buni parteneri din domeniu, care ne ajut\u0103 s\u0103 r\u0103m\u00e2nem creativi \u0219i s\u0103 acoperim toate nevoile unui eveniment corporate. De la loca\u0163ie, catering \u0219i divertisment, p\u00e2n\u0103 la design creativ \u0219i tehnologie, partenerii no\u0219tri sunt profesioni\u0219tii domeniilor lor.<br \/>\nInvestim constant \u00een rela\u0163iile cu partenerii actuali, dar \u00een acela\u0219i timp \u0219tim c\u0103 pia\u0163a se schimb\u0103 rapid, \u0219i trebuie s\u0103 evolu\u0103m \u020bmpreun\u0103 cu ea. Identific\u0103m mereu poten\u0163iali viitori parteneri care vor aduce un plus de inova\u0163ie \u00een evenimentele pe care le planific\u0103m \u0219i coordon\u0103m.<\/p>\n<\/div><div class=\"content-box-shortcode-timeline-vertical\" style=\"border-color:#74c5da;left:61px;top:46px;-webkit-transition-duration: 350ms;animation-duration: 350ms;\"><\/div><\/div><\/div><div class=\"fusion-column content-box-column content-box-column content-box-column-3 col-lg-12 col-md-12 col-sm-12 fusion-content-box-hover content-box-column-last-in-row\"><div class=\"col content-box-wrapper content-wrapper link-area-box link-type-text content-icon-wrapper-yes icon-wrapper-hover-animation-pulsate fusion-animated\" style=\"background-color:rgba(255,255,255,0);\" data-link=\"#\" data-link-target=\"_blank\" data-animationType=\"fadeIn\" data-animationDuration=\"0.25\" data-animationOffset=\"100%\"><div class=\"heading heading-with-icon icon-left\" style=\"margin-top:37px;\"><a class=\"heading-link\" href=\"#\" target=\"_blank\" rel=\"noopener noreferrer\"><div class=\"icon\" style=\"margin-top:-37px;margin-bottom:-37px;-webkit-animation-duration: 350ms;animation-duration: 350ms;\"><span style=\"height:88px;width:88px;line-height:50px;border-color:#74c5da;border-width:2px;border-style:solid;background-color:#472d9a;margin-right:20px;box-sizing:content-box;border-radius:50%;\"><i style=\"border-color:#472d9a;border-width:6px;background-color:#472d9a;box-sizing:content-box;height:76px;width:76px;line-height:76px;border-radius:50%;position:relative;top:auto;left:auto;margin:0;border-radius:50%;color:#ffffff;font-size:38px;\" aria-hidden=\"true\" class=\"fontawesome-icon fa fa-bookmark circle-yes\"><\/i><\/span><\/div><h2 class=\"content-box-heading\" style=\"font-size:18px;line-height:23px;\">Investi\u0163ia<\/h2><\/a><\/div><div class=\"fusion-clearfix\"><\/div><div class=\"content-container\" style=\"padding-left:112px;color:#747474;\">\n<p align=\"justify\">Dac\u0103 a\u0163i hot\u0103r\u00e2t s\u0103 investi\u0163i \u020bn compania, angaja\u0163ii sau colaboratorii dumneavoastr\u0103 \u0219i dori\u0163i s\u0103 organiza\u0163i un eveniment, vestea bun\u0103 este c\u0103 pute\u0163i controla valoarea investi\u0163iei, stabilind un buget per invitat sau o sum\u0103 total\u0103 dedicat\u0103 evenimentului.<br \/>\nInvesti\u0163ia total\u0103 pentru eveniment poate varia mult \u00een func\u0163ie de num\u0103rul de invita\u0163i \u0219i de op\u0163iunile alese de dumneavoastr\u0103 \u00een ceea ce prive\u0219te loca\u0163ia, activit\u0103\u0163ile de divertisment (DJ, live band, invita\u0163i speciali), meniul \u0219i altele. V\u0103 putem ajuta s\u0103 construi\u0163i un buget echilibrat, prezent\u00e2ndu-v\u0103 diverse variante pentru elementele care fac parte din specificul evenimentului companiei dumneavoastr\u0103 si planific\u0103m totul pentru a ne \u00eencadra \u020bn bugetul convenit.<\/p>\n<\/div><div class=\"content-box-shortcode-timeline-vertical\" style=\"border-color:#74c5da;left:61px;top:46px;-webkit-transition-duration: 350ms;animation-duration: 350ms;\"><\/div><\/div><\/div><div class=\"fusion-column content-box-column content-box-column content-box-column-4 col-lg-12 col-md-12 col-sm-12 fusion-content-box-hover content-box-column-last content-box-column-last-in-row\"><div class=\"col content-box-wrapper content-wrapper link-area-box content-icon-wrapper-yes icon-wrapper-hover-animation-pulsate fusion-animated\" style=\"background-color:rgba(255,255,255,0);\" data-animationType=\"fadeIn\" data-animationDuration=\"0.25\" data-animationOffset=\"100%\"><div class=\"heading heading-with-icon icon-left\" style=\"margin-top:37px;\"><div class=\"icon\" style=\"margin-top:-37px;margin-bottom:-37px;-webkit-animation-duration: 350ms;animation-duration: 350ms;\"><span style=\"height:88px;width:88px;line-height:50px;border-color:#74c5da;border-width:2px;border-style:solid;background-color:#472d9a;margin-right:20px;box-sizing:content-box;border-radius:50%;\"><i style=\"border-color:#472d9a;border-width:6px;background-color:#472d9a;box-sizing:content-box;height:76px;width:76px;line-height:76px;border-radius:50%;position:relative;top:auto;left:auto;margin:0;border-radius:50%;color:#ffffff;font-size:38px;\" aria-hidden=\"true\" class=\"fontawesome-icon fa fa-comments circle-yes\"><\/i><\/span><\/div><h2 class=\"content-box-heading\" style=\"font-size:18px;line-height:23px;\">Comunicarea<\/h2><\/div><div class=\"fusion-clearfix\"><\/div><div class=\"content-container\" style=\"padding-left:112px;color:#747474;\">\n<p align=\"justify\">\u015etim s\u0103 facem Project Management. A\u0219adar, \u0219tim c\u0103 beneficiarii proiectului au nevoie s\u0103 fie \u0163inuti la curent cu progresul planific\u0103rii evenimentului, realiz\u0103rile \u0219i pa\u0219ii urm\u0103tori. Vom fi mereu \u00een leg\u0103tur\u0103 cu echipa dumneavoastr\u0103, gata s\u0103 oferim r\u0103spunsuri \u0219i solu\u0163ii.<br \/>\nVom crea planul detaliat pentru eveniment, vom contracta \u0219i coordona furnizorii, v\u0103 vom ajuta s\u0103 alege\u0163i momentele speciale ale evenimentului, s\u0103 defini\u0163i experien\u0163a pe care vre\u0163i s\u0103 o oferi\u0163i participan\u0163ilor, pe scurt, vom acoperi toate aspectele unui eveniment memorabil. Dar cel mai important, ne vom adapta la nevoile \u0219i modul de lucru al companiei dumneavoastr\u0103.<\/p>\n<\/div><div class=\"content-box-shortcode-timeline-vertical\" style=\"border-color:#74c5da;left:61px;top:46px;-webkit-transition-duration: 350ms;animation-duration: 350ms;\"><\/div><\/div><\/div><style type=\"text\/css\">\n\t\t\t\t\t\t.fusion-content-boxes-1 .fusion-content-box-hover .heading-link:hover .icon i.circle-yes,\n\t\t\t\t\t\t.fusion-content-boxes-1 .fusion-content-box-hover .link-area-box:hover .heading-link .icon i.circle-yes,\n\t\t\t\t\t\t.fusion-content-boxes-1 .fusion-content-box-hover .link-area-link-icon-hover .heading .icon i.circle-yes,\n\t\t\t\t\t\t.fusion-content-boxes-1 .fusion-content-box-hover .link-area-box-hover .heading .icon i.circle-yes {\n\t\t\t\t\t\t\tbackground-color: #2ba0a3 !important;\n\t\t\t\t\t\t\tborder-color: #2ba0a3 !important;\n\t\t\t\t\t\t}<\/style><div class=\"fusion-clearfix\"><\/div><\/div><div class=\"fusion-text fusion-text-2\"><\/div><\/div><\/div><div class=\"fusion-clearfix\"><\/div><\/div><\/div><\/div><\/div>\n","protected":false},"excerpt":{"rendered":"","protected":false},"author":9,"featured_media":0,"parent":0,"menu_order":0,"comment_status":"closed","ping_status":"closed","template":"100-width.php","meta":[],"yoast_head":"<!-- This site is optimized with the Yoast SEO plugin v17.0 - https:\/\/yoast.com\/wordpress\/plugins\/seo\/ -->\n<title>Evenimente pentru companii Cluj | MONDEVENTS<\/title>\n<meta name=\"description\" content=\"Acoperim toate nevoile de planificare \u0219i coordonare a diverselor evenimente pentru companii, de la conferinte pana la petreceri aniversare.\" \/>\n<meta name=\"robots\" content=\"index, follow, max-snippet:-1, max-image-preview:large, max-video-preview:-1\" \/>\n<link rel=\"canonical\" href=\"https:\/\/corporatemondevents.ro\/ro\/colaborare-evenimente-companii-cluj-napoca\/\" \/>\n<meta property=\"og:locale\" content=\"ro_RO\" \/>\n<meta property=\"og:type\" content=\"article\" \/>\n<meta property=\"og:title\" content=\"Evenimente pentru companii Cluj | MONDEVENTS\" \/>\n<meta property=\"og:description\" content=\"Acoperim toate nevoile de planificare \u0219i coordonare a diverselor evenimente pentru companii, de la conferinte pana la petreceri aniversare.\" \/>\n<meta property=\"og:url\" content=\"https:\/\/corporatemondevents.ro\/ro\/colaborare-evenimente-companii-cluj-napoca\/\" \/>\n<meta property=\"og:site_name\" content=\"Corporate Events - Mondevents\" \/>\n<meta property=\"article:modified_time\" content=\"2023-10-02T11:44:07+00:00\" \/>\n<meta name=\"twitter:card\" content=\"summary_large_image\" \/>\n<meta name=\"twitter:label1\" content=\"Timp estimat pentru citire\" \/>\n\t<meta name=\"twitter:data1\" content=\"3 minute\" \/>\n<script type=\"application\/ld+json\" class=\"yoast-schema-graph\">{\"@context\":\"https:\/\/schema.org\",\"@graph\":[{\"@type\":\"WebSite\",\"@id\":\"https:\/\/corporatemondevents.ro\/#website\",\"url\":\"https:\/\/corporatemondevents.ro\/\",\"name\":\"Corporate Events - Mondevents\",\"description\":\"We believe in transforming corporate events into experiences for people.\",\"potentialAction\":[{\"@type\":\"SearchAction\",\"target\":{\"@type\":\"EntryPoint\",\"urlTemplate\":\"https:\/\/corporatemondevents.ro\/?s={search_term_string}\"},\"query-input\":\"required name=search_term_string\"}],\"inLanguage\":\"ro-RO\"},{\"@type\":\"WebPage\",\"@id\":\"https:\/\/corporatemondevents.ro\/ro\/colaborare-evenimente-companii-cluj-napoca\/#webpage\",\"url\":\"https:\/\/corporatemondevents.ro\/ro\/colaborare-evenimente-companii-cluj-napoca\/\",\"name\":\"Evenimente pentru companii Cluj | MONDEVENTS\",\"isPartOf\":{\"@id\":\"https:\/\/corporatemondevents.ro\/#website\"},\"datePublished\":\"2018-04-26T13:09:28+00:00\",\"dateModified\":\"2023-10-02T11:44:07+00:00\",\"description\":\"Acoperim toate nevoile de planificare \\u0219i coordonare a diverselor evenimente pentru companii, de la conferinte pana la petreceri aniversare.\",\"breadcrumb\":{\"@id\":\"https:\/\/corporatemondevents.ro\/ro\/colaborare-evenimente-companii-cluj-napoca\/#breadcrumb\"},\"inLanguage\":\"ro-RO\",\"potentialAction\":[{\"@type\":\"ReadAction\",\"target\":[\"https:\/\/corporatemondevents.ro\/ro\/colaborare-evenimente-companii-cluj-napoca\/\"]}]},{\"@type\":\"BreadcrumbList\",\"@id\":\"https:\/\/corporatemondevents.ro\/ro\/colaborare-evenimente-companii-cluj-napoca\/#breadcrumb\",\"itemListElement\":[{\"@type\":\"ListItem\",\"position\":1,\"name\":\"Home\",\"item\":\"https:\/\/corporatemondevents.ro\/ro\/\"},{\"@type\":\"ListItem\",\"position\":2,\"name\":\"Cum vom colabora\"}]}]}<\/script>\n<!-- \/ Yoast SEO plugin. -->","yoast_head_json":{"title":"Evenimente pentru companii Cluj | MONDEVENTS","description":"Acoperim toate nevoile de planificare \u0219i coordonare a diverselor evenimente pentru companii, de la conferinte pana la petreceri aniversare.","robots":{"index":"index","follow":"follow","max-snippet":"max-snippet:-1","max-image-preview":"max-image-preview:large","max-video-preview":"max-video-preview:-1"},"canonical":"https:\/\/corporatemondevents.ro\/ro\/colaborare-evenimente-companii-cluj-napoca\/","og_locale":"ro_RO","og_type":"article","og_title":"Evenimente pentru companii Cluj | MONDEVENTS","og_description":"Acoperim toate nevoile de planificare \u0219i coordonare a diverselor evenimente pentru companii, de la conferinte pana la petreceri aniversare.","og_url":"https:\/\/corporatemondevents.ro\/ro\/colaborare-evenimente-companii-cluj-napoca\/","og_site_name":"Corporate Events - Mondevents","article_modified_time":"2023-10-02T11:44:07+00:00","twitter_card":"summary_large_image","twitter_misc":{"Timp estimat pentru citire":"3 minute"},"schema":{"@context":"https:\/\/schema.org","@graph":[{"@type":"WebSite","@id":"https:\/\/corporatemondevents.ro\/#website","url":"https:\/\/corporatemondevents.ro\/","name":"Corporate Events - Mondevents","description":"We believe in transforming corporate events into experiences for people.","potentialAction":[{"@type":"SearchAction","target":{"@type":"EntryPoint","urlTemplate":"https:\/\/corporatemondevents.ro\/?s={search_term_string}"},"query-input":"required name=search_term_string"}],"inLanguage":"ro-RO"},{"@type":"WebPage","@id":"https:\/\/corporatemondevents.ro\/ro\/colaborare-evenimente-companii-cluj-napoca\/#webpage","url":"https:\/\/corporatemondevents.ro\/ro\/colaborare-evenimente-companii-cluj-napoca\/","name":"Evenimente pentru companii Cluj | MONDEVENTS","isPartOf":{"@id":"https:\/\/corporatemondevents.ro\/#website"},"datePublished":"2018-04-26T13:09:28+00:00","dateModified":"2023-10-02T11:44:07+00:00","description":"Acoperim toate nevoile de planificare \u0219i coordonare a diverselor evenimente pentru companii, de la conferinte pana la petreceri aniversare.","breadcrumb":{"@id":"https:\/\/corporatemondevents.ro\/ro\/colaborare-evenimente-companii-cluj-napoca\/#breadcrumb"},"inLanguage":"ro-RO","potentialAction":[{"@type":"ReadAction","target":["https:\/\/corporatemondevents.ro\/ro\/colaborare-evenimente-companii-cluj-napoca\/"]}]},{"@type":"BreadcrumbList","@id":"https:\/\/corporatemondevents.ro\/ro\/colaborare-evenimente-companii-cluj-napoca\/#breadcrumb","itemListElement":[{"@type":"ListItem","position":1,"name":"Home","item":"https:\/\/corporatemondevents.ro\/ro\/"},{"@type":"ListItem","position":2,"name":"Cum vom colabora"}]}]}},"_links":{"self":[{"href":"https:\/\/corporatemondevents.ro\/ro\/wp-json\/wp\/v2\/pages\/1682\/"}],"collection":[{"href":"https:\/\/corporatemondevents.ro\/ro\/wp-json\/wp\/v2\/pages\/"}],"about":[{"href":"https:\/\/corporatemondevents.ro\/ro\/wp-json\/wp\/v2\/types\/page\/"}],"author":[{"embeddable":true,"href":"https:\/\/corporatemondevents.ro\/ro\/wp-json\/wp\/v2\/users\/9\/"}],"replies":[{"embeddable":true,"href":"https:\/\/corporatemondevents.ro\/ro\/wp-json\/wp\/v2\/comments\/?post=1682"}],"version-history":[{"count":14,"href":"https:\/\/corporatemondevents.ro\/ro\/wp-json\/wp\/v2\/pages\/1682\/revisions\/"}],"predecessor-version":[{"id":4126,"href":"https:\/\/corporatemondevents.ro\/ro\/wp-json\/wp\/v2\/pages\/1682\/revisions\/4126\/"}],"wp:attachment":[{"href":"https:\/\/corporatemondevents.ro\/ro\/wp-json\/wp\/v2\/media\/?parent=1682"}],"curies":[{"name":"wp","href":"https:\/\/api.w.org\/{rel}","templated":true}]}}